{"id":300,"date":"2021-06-11T16:12:05","date_gmt":"2021-06-11T16:12:05","guid":{"rendered":"https:\/\/ichundwir.ch\/de\/?page_id=300"},"modified":"2022-05-16T08:20:44","modified_gmt":"2022-05-16T08:20:44","slug":"kontakt","status":"publish","type":"page","link":"https:\/\/old.ichundwir.ch\/de\/kontakt\/","title":{"rendered":"Kontakt"},"content":{"rendered":"\t\t<div data-elementor-type=\"wp-page\" data-elementor-id=\"300\" class=\"elementor elementor-300\">\n\t\t\t\t\t\t\t\t\t<section class=\"elementor-section elementor-top-section elementor-element elementor-element-0543d68 elementor-section-stretched elementor-section-boxed elementor-section-height-default elementor-section-height-default\" data-id=\"0543d68\" data-element_type=\"section\" data-settings=\"{&quot;stretch_section&quot;:&quot;section-stretched&quot;,&quot;background_background&quot;:&quot;classic&quot;}\">\n\t\t\t\t\t\t<div class=\"elementor-container elementor-column-gap-default\">\n\t\t\t\t\t<div class=\"elementor-column elementor-col-100 elementor-top-column elementor-element elementor-element-f50f93a\" data-id=\"f50f93a\" data-element_type=\"column\">\n\t\t\t<div class=\"elementor-widget-wrap elementor-element-populated\">\n\t\t\t\t\t\t\t\t<div class=\"elementor-element elementor-element-38c4a1d elementor-widget elementor-widget-heading\" data-id=\"38c4a1d\" data-element_type=\"widget\" data-widget_type=\"heading.default\">\n\t\t\t\t<div class=\"elementor-widget-container\">\n\t\t\t<h1 class=\"elementor-heading-title elementor-size-default\">Kontakt<\/h1>\t\t<\/div>\n\t\t\t\t<\/div>\n\t\t\t\t\t<\/div>\n\t\t<\/div>\n\t\t\t\t\t\t\t<\/div>\n\t\t<\/section>\n\t\t\t\t<section class=\"elementor-section elementor-top-section elementor-element elementor-element-1322ea7 elementor-section-stretched elementor-section-boxed elementor-section-height-default elementor-section-height-default\" data-id=\"1322ea7\" data-element_type=\"section\" data-settings=\"{&quot;stretch_section&quot;:&quot;section-stretched&quot;,&quot;background_background&quot;:&quot;classic&quot;}\">\n\t\t\t\t\t\t<div class=\"elementor-container elementor-column-gap-default\">\n\t\t\t\t\t<div class=\"elementor-column elementor-col-50 elementor-top-column elementor-element elementor-element-22cd43d\" data-id=\"22cd43d\" data-element_type=\"column\">\n\t\t\t<div class=\"elementor-widget-wrap elementor-element-populated\">\n\t\t\t\t\t\t\t\t<div class=\"elementor-element elementor-element-8ea1008 elementor-widget elementor-widget-heading\" data-id=\"8ea1008\" data-element_type=\"widget\" data-widget_type=\"heading.default\">\n\t\t\t\t<div class=\"elementor-widget-container\">\n\t\t\t<h2 class=\"elementor-heading-title elementor-size-default\">Ich freue mich auf deine Nachricht.<\/h2>\t\t<\/div>\n\t\t\t\t<\/div>\n\t\t\t\t<div class=\"elementor-element elementor-element-aeca807 elementor-widget elementor-widget-spacer\" data-id=\"aeca807\" data-element_type=\"widget\" data-widget_type=\"spacer.default\">\n\t\t\t\t<div class=\"elementor-widget-container\">\n\t\t\t\t\t<div class=\"elementor-spacer\">\n\t\t\t<div class=\"elementor-spacer-inner\"><\/div>\n\t\t<\/div>\n\t\t\t\t<\/div>\n\t\t\t\t<\/div>\n\t\t\t\t<div class=\"elementor-element elementor-element-9d08684 elementor-widget elementor-widget-text-editor\" data-id=\"9d08684\" data-element_type=\"widget\" data-widget_type=\"text-editor.default\">\n\t\t\t\t<div class=\"elementor-widget-container\">\n\t\t\t\t\t\t\t<p>Aufgrund deiner pers\u00f6nlichen Bed\u00fcrfnisse entwerfen wir deinen Plan der Br\u00fccken, welche wir gemeinsam bauen werden.<\/p>\t\t\t\t\t\t<\/div>\n\t\t\t\t<\/div>\n\t\t\t\t<div class=\"elementor-element elementor-element-68e5148 elementor-widget elementor-widget-spacer\" data-id=\"68e5148\" data-element_type=\"widget\" data-widget_type=\"spacer.default\">\n\t\t\t\t<div class=\"elementor-widget-container\">\n\t\t\t\t\t<div class=\"elementor-spacer\">\n\t\t\t<div class=\"elementor-spacer-inner\"><\/div>\n\t\t<\/div>\n\t\t\t\t<\/div>\n\t\t\t\t<\/div>\n\t\t\t\t<div class=\"elementor-element elementor-element-32bff26 elementor-widget__width-auto elementor-view-default elementor-widget elementor-widget-icon\" data-id=\"32bff26\" data-element_type=\"widget\" data-widget_type=\"icon.default\">\n\t\t\t\t<div class=\"elementor-widget-container\">\n\t\t\t\t\t<div class=\"elementor-icon-wrapper\">\n\t\t\t<div class=\"elementor-icon\">\n\t\t\t<svg xmlns=\"http:\/\/www.w3.org\/2000\/svg\" width=\"30\" height=\"30\" viewBox=\"0 0 30 30\" fill=\"none\"><path d=\"M25.7522 4.49324C19.7345 -1.49775 10.177 -1.49775 4.51327 4.49324C-1.50442 10.4842 -1.50442 19.9993 4.51327 25.6379C10.531 31.2765 20.0885 31.6289 25.7522 25.6379C28.5841 22.8186 30 18.9421 30 15.0656C30 11.1891 28.5841 7.31253 25.7522 4.49324ZM6.28319 10.1318C6.63717 9.07459 7.69912 8.36976 8.76106 8.36976C13.0088 8.36976 16.9027 8.36976 21.1504 8.36976C22.2124 8.36976 23.2743 9.07459 23.6283 10.1318C22.5664 11.1891 21.1504 11.8939 20.0885 12.5987C18.3186 13.6559 16.9027 14.7132 15.1327 15.418H14.7788C11.9469 14.0083 9.11504 12.2463 6.28319 10.1318C6.28319 10.1318 6.28319 10.4842 6.28319 10.1318ZM23.9823 12.2463C23.9823 14.3608 23.9823 16.4752 23.9823 18.5897C23.9823 19.9993 22.5664 21.409 21.1504 21.409C17.2566 21.409 13.3628 21.409 9.82301 21.409C9.46903 21.409 8.76106 21.409 8.40708 21.409C6.99115 21.0566 6.28319 19.9993 6.28319 18.9421C6.28319 16.4752 6.28319 14.3608 6.28319 11.8939C7.34513 12.5987 8.40708 13.3035 9.82301 14.0083C11.5929 15.0656 13.0088 16.1228 14.7788 16.8276C15.1327 17.18 15.4867 17.18 16.1947 16.8276C18.3186 15.418 20.7965 13.6559 23.9823 12.2463C23.6283 11.8939 23.6283 11.8939 23.9823 12.2463C23.9823 12.2463 23.9823 11.8939 23.9823 12.2463Z\" fill=\"white\"><\/path><\/svg>\t\t\t<\/div>\n\t\t<\/div>\n\t\t\t\t<\/div>\n\t\t\t\t<\/div>\n\t\t\t\t<div class=\"elementor-element elementor-element-d0d61df elementor-widget__width-auto elementor-widget elementor-widget-heading\" data-id=\"d0d61df\" data-element_type=\"widget\" data-widget_type=\"heading.default\">\n\t\t\t\t<div class=\"elementor-widget-container\">\n\t\t\t<div class=\"elementor-heading-title elementor-size-default\"><a href=\"mailto:andrea@ichundwir.ch\">andrea@ichundwir.ch<\/a><\/div>\t\t<\/div>\n\t\t\t\t<\/div>\n\t\t\t\t<div class=\"elementor-element elementor-element-8dc3c32 elementor-widget elementor-widget-spacer\" data-id=\"8dc3c32\" data-element_type=\"widget\" data-widget_type=\"spacer.default\">\n\t\t\t\t<div class=\"elementor-widget-container\">\n\t\t\t\t\t<div class=\"elementor-spacer\">\n\t\t\t<div class=\"elementor-spacer-inner\"><\/div>\n\t\t<\/div>\n\t\t\t\t<\/div>\n\t\t\t\t<\/div>\n\t\t\t\t<div class=\"elementor-element elementor-element-fb28279 elementor-widget__width-auto elementor-view-default elementor-widget elementor-widget-icon\" data-id=\"fb28279\" data-element_type=\"widget\" data-widget_type=\"icon.default\">\n\t\t\t\t<div class=\"elementor-widget-container\">\n\t\t\t\t\t<div class=\"elementor-icon-wrapper\">\n\t\t\t<div class=\"elementor-icon\">\n\t\t\t<svg xmlns=\"http:\/\/www.w3.org\/2000\/svg\" width=\"30\" height=\"30\" viewBox=\"0 0 30 30\" fill=\"none\"><path d=\"M25.7335 4.49324C19.6892 -1.49775 10.0896 -1.49775 4.40086 4.49324C-1.28784 10.4842 -1.64338 19.9993 4.40086 25.6379C10.4451 31.2765 20.0448 31.6289 25.7335 25.6379C28.5778 22.8186 30 18.9421 30 15.0656C30 11.1891 28.5778 7.31253 25.7335 4.49324ZM22.5336 21.0566L21.8225 21.7614C20.7559 22.8186 19.3337 23.171 17.9115 22.8186C16.4893 22.4662 15.0672 21.7614 14.0005 21.0566C12.9339 20.3517 11.8673 19.6469 10.8006 18.5897C10.0896 17.8849 9.02293 16.8276 8.66738 15.7704C7.9563 14.7132 7.24521 13.6559 6.88967 12.2463C6.53412 10.8366 6.88967 9.07459 7.9563 8.01735L9.02293 6.96012C9.37847 6.60771 9.73402 6.60771 10.0896 6.96012L12.9339 9.77941C13.2895 10.1318 13.2895 10.4842 12.9339 10.8366L11.1562 12.5987C10.8006 12.9511 10.4451 13.6559 11.1562 14.3608C11.8673 15.0656 12.5784 16.1228 13.2895 16.8276C14.0005 17.5325 15.0672 18.2373 15.7783 18.9421C16.4893 19.2945 17.2004 19.2945 17.556 18.9421L19.3337 17.18C19.6892 16.8276 20.0448 16.8276 20.4003 17.18L23.2447 19.9993C22.8891 20.3517 22.8891 20.7042 22.5336 21.0566Z\" fill=\"white\"><\/path><\/svg>\t\t\t<\/div>\n\t\t<\/div>\n\t\t\t\t<\/div>\n\t\t\t\t<\/div>\n\t\t\t\t<div class=\"elementor-element elementor-element-7d00a95 elementor-widget__width-auto elementor-widget elementor-widget-heading\" data-id=\"7d00a95\" data-element_type=\"widget\" data-widget_type=\"heading.default\">\n\t\t\t\t<div class=\"elementor-widget-container\">\n\t\t\t<div class=\"elementor-heading-title elementor-size-default\"><a href=\"tel:+41%20079%20764%2065%2085%20\">+41 079 764 65 85 <\/a><\/div>\t\t<\/div>\n\t\t\t\t<\/div>\n\t\t\t\t\t<\/div>\n\t\t<\/div>\n\t\t\t\t<div class=\"elementor-column elementor-col-50 elementor-top-column elementor-element elementor-element-83d4dd6\" data-id=\"83d4dd6\" data-element_type=\"column\">\n\t\t\t<div class=\"elementor-widget-wrap elementor-element-populated\">\n\t\t\t\t\t\t\t\t<div class=\"elementor-element elementor-element-c9b6ffb elementor-button-align-start elementor-widget elementor-widget-form\" data-id=\"c9b6ffb\" data-element_type=\"widget\" data-settings=\"{&quot;step_next_label&quot;:&quot;Next&quot;,&quot;step_previous_label&quot;:&quot;Previous&quot;,&quot;button_width&quot;:&quot;100&quot;,&quot;step_type&quot;:&quot;number_text&quot;,&quot;step_icon_shape&quot;:&quot;circle&quot;}\" data-widget_type=\"form.default\">\n\t\t\t\t<div class=\"elementor-widget-container\">\n\t\t\t\t\t<form class=\"elementor-form\" method=\"post\" name=\"New Form\">\n\t\t\t<input type=\"hidden\" name=\"post_id\" value=\"300\"\/>\n\t\t\t<input type=\"hidden\" name=\"form_id\" value=\"c9b6ffb\"\/>\n\t\t\t<input type=\"hidden\" name=\"referer_title\" value=\"Ich und Wir &#8211; DE\" \/>\n\n\t\t\t\n\t\t\t<div class=\"elementor-form-fields-wrapper elementor-labels-\">\n\t\t\t\t\t\t\t\t<div class=\"elementor-field-type-text elementor-field-group elementor-column elementor-field-group-name elementor-col-100\">\n\t\t\t\t\t\t\t\t\t\t\t\t<label for=\"form-field-name\" class=\"elementor-field-label elementor-screen-only\">\n\t\t\t\t\t\t\t\tName\t\t\t\t\t\t\t<\/label>\n\t\t\t\t\t\t\t\t\t\t\t\t\t\t<input size=\"1\" type=\"text\" name=\"form_fields[name]\" id=\"form-field-name\" class=\"elementor-field elementor-size-lg  elementor-field-textual\" placeholder=\"Name\">\n\t\t\t\t\t\t\t\t\t\t\t<\/div>\n\t\t\t\t\t\t\t\t<div class=\"elementor-field-type-email elementor-field-group elementor-column elementor-field-group-email elementor-col-100 elementor-field-required\">\n\t\t\t\t\t\t\t\t\t\t\t\t<label for=\"form-field-email\" class=\"elementor-field-label elementor-screen-only\">\n\t\t\t\t\t\t\t\tEmail\t\t\t\t\t\t\t<\/label>\n\t\t\t\t\t\t\t\t\t\t\t\t\t\t<input size=\"1\" type=\"email\" name=\"form_fields[email]\" id=\"form-field-email\" class=\"elementor-field elementor-size-lg  elementor-field-textual\" placeholder=\"Email\" required=\"required\" aria-required=\"true\">\n\t\t\t\t\t\t\t\t\t\t\t<\/div>\n\t\t\t\t\t\t\t\t<div class=\"elementor-field-type-tel elementor-field-group elementor-column elementor-field-group-field_b53298f elementor-col-100 elementor-field-required\">\n\t\t\t\t\t\t\t\t\t\t\t\t<label for=\"form-field-field_b53298f\" class=\"elementor-field-label elementor-screen-only\">\n\t\t\t\t\t\t\t\tTelefonnummer\t\t\t\t\t\t\t<\/label>\n\t\t\t\t\t\t\t\t<input size=\"1\" type=\"tel\" name=\"form_fields[field_b53298f]\" id=\"form-field-field_b53298f\" class=\"elementor-field elementor-size-lg  elementor-field-textual\" placeholder=\"Telefonnummer\" required=\"required\" aria-required=\"true\" pattern=\"[0-9()#&amp;+*-=.]+\" title=\"Only numbers and phone characters (#, -, *, etc) are accepted.\">\n\n\t\t\t\t\t\t<\/div>\n\t\t\t\t\t\t\t\t<div class=\"elementor-field-type-select elementor-field-group elementor-column elementor-field-group-field_b2a2fe7 elementor-col-100\">\n\t\t\t\t\t\t\t\t\t\t\t\t<label for=\"form-field-field_b2a2fe7\" class=\"elementor-field-label elementor-screen-only\">\n\t\t\t\t\t\t\t\tThema\t\t\t\t\t\t\t<\/label>\n\t\t\t\t\t\t\t\t<div class=\"elementor-field elementor-select-wrapper remove-before \">\n\t\t\t<div class=\"select-caret-down-wrapper\">\n\t\t\t\t<i aria-hidden=\"true\" class=\"eicon-caret-down\"><\/i>\t\t\t<\/div>\n\t\t\t<select name=\"form_fields[field_b2a2fe7]\" id=\"form-field-field_b2a2fe7\" class=\"elementor-field-textual elementor-size-lg\">\n\t\t\t\t\t\t\t\t\t<option value=\"0\">Thema<\/option>\n\t\t\t\t\t\t\t\t\t<option value=\"Liebe &amp; Partnerschaft\">Liebe &amp; Partnerschaft<\/option>\n\t\t\t\t\t\t\t\t\t<option value=\"Astrologie \">Astrologie <\/option>\n\t\t\t\t\t\t\t\t\t<option value=\"Lebensraumgestaltung\">Lebensraumgestaltung<\/option>\n\t\t\t\t\t\t\t\t\t<option value=\"Kostenloses Kennenlerngesr\u00e4ch\">Kostenloses Kennenlerngesr\u00e4ch<\/option>\n\t\t\t\t\t\t\t<\/select>\n\t\t<\/div>\n\t\t\t\t\t\t<\/div>\n\t\t\t\t\t\t\t\t<div class=\"elementor-field-type-textarea elementor-field-group elementor-column elementor-field-group-message elementor-col-100\">\n\t\t\t\t\t\t\t\t\t\t\t\t<label for=\"form-field-message\" class=\"elementor-field-label elementor-screen-only\">\n\t\t\t\t\t\t\t\tNachricht\t\t\t\t\t\t\t<\/label>\n\t\t\t\t\t\t<textarea class=\"elementor-field-textual elementor-field  elementor-size-lg\" name=\"form_fields[message]\" id=\"form-field-message\" rows=\"4\" placeholder=\"Nachricht\"><\/textarea>\t\t\t\t<\/div>\n\t\t\t\t\t\t\t\t<div class=\"elementor-field-type-acceptance elementor-field-group elementor-column elementor-field-group-field_edd1ef0 elementor-col-100 elementor-field-required\">\n\t\t\t\t\t\t\t<div class=\"elementor-field-subgroup\">\n\t\t\t<span class=\"elementor-field-option\">\n\t\t\t\t<input type=\"checkbox\" name=\"form_fields[field_edd1ef0]\" id=\"form-field-field_edd1ef0\" class=\"elementor-field elementor-size-lg  elementor-acceptance-field\" required=\"required\" aria-required=\"true\">\n\t\t\t\t<label for=\"form-field-field_edd1ef0\">Ich habe die <span class=\"privacy-policy\">Datenschutzbestimmungen<\/span> gelesen und akzepiert.<\/label>\t\t\t<\/span>\n\t\t<\/div>\n\t\t\t\t\t\t<\/div>\n\t\t\t\t\t\t\t\t<div class=\"elementor-field-type-recaptcha_v3 elementor-field-group elementor-column elementor-field-group-field_a4d6957 elementor-col-100 recaptcha_v3-bottomright\">\n\t\t\t\t\t<div class=\"elementor-field\" id=\"form-field-field_a4d6957\"><div class=\"elementor-g-recaptcha\" data-sitekey=\"6Ld8PvIfAAAAACsOX0UmfuYbjy02rDtrBIKe2j-4\" data-type=\"v3\" data-action=\"Form\" data-badge=\"bottomright\" data-size=\"invisible\"><\/div><\/div>\t\t\t\t<\/div>\n\t\t\t\t\t\t\t\t<div class=\"elementor-field-group elementor-column elementor-field-type-submit elementor-col-100 e-form__buttons\">\n\t\t\t\t\t<button type=\"submit\" class=\"elementor-button elementor-size-sm\">\n\t\t\t\t\t\t<span >\n\t\t\t\t\t\t\t\t\t\t\t\t\t\t\t<span class=\" elementor-button-icon\">\n\t\t\t\t\t\t\t\t\t\t\t\t\t\t\t\t\t\t\t\t\t\t\t\t\t\t<\/span>\n\t\t\t\t\t\t\t\t\t\t\t\t\t\t\t\t\t\t\t\t\t\t<span class=\"elementor-button-text\">Senden<\/span>\n\t\t\t\t\t\t\t\t\t\t\t\t\t<\/span>\n\t\t\t\t\t<\/button>\n\t\t\t\t<\/div>\n\t\t\t<\/div>\n\t\t<\/form>\n\t\t\t\t<\/div>\n\t\t\t\t<\/div>\n\t\t\t\t\t<\/div>\n\t\t<\/div>\n\t\t\t\t\t\t\t<\/div>\n\t\t<\/section>\n\t\t\t\t\t\t\t<\/div>\n\t\t","protected":false},"excerpt":{"rendered":"<p>Kontakt Ich freue mich auf deine Nachricht. Aufgrund deiner pers\u00f6nlichen Bed\u00fcrfnisse entwerfen wir deinen Plan der Br\u00fccken, welche wir gemeinsam bauen werden. andrea@ichundwir.ch +41 079 764 65 85<\/p>\n","protected":false},"author":2,"featured_media":0,"parent":0,"menu_order":0,"comment_status":"closed","ping_status":"closed","template":"","meta":{"_acf_changed":false,"inline_featured_image":false,"footnotes":""},"class_list":["post-300","page","type-page","status-publish","hentry"],"acf":[],"yoast_head":"<!-- This site is optimized with the Yoast SEO plugin v17.8 - https:\/\/yoast.com\/wordpress\/plugins\/seo\/ -->\n<title>Kontakt - Ich und Wir - DE<\/title>\n<meta name=\"robots\" content=\"index, follow, max-snippet:-1, max-image-preview:large, max-video-preview:-1\" \/>\n<link rel=\"canonical\" href=\"https:\/\/old.ichundwir.ch\/de\/kontakt\/\" \/>\n<meta property=\"og:locale\" content=\"en_US\" \/>\n<meta property=\"og:type\" content=\"article\" \/>\n<meta property=\"og:title\" content=\"Kontakt - Ich und Wir - DE\" \/>\n<meta property=\"og:description\" content=\"Kontakt Ich freue mich auf deine Nachricht. Aufgrund deiner pers\u00f6nlichen Bed\u00fcrfnisse entwerfen wir deinen Plan der Br\u00fccken, welche wir gemeinsam bauen werden. andrea@ichundwir.ch +41 079 764 65 85\" \/>\n<meta property=\"og:url\" content=\"https:\/\/old.ichundwir.ch\/de\/kontakt\/\" \/>\n<meta property=\"og:site_name\" content=\"Ich und Wir - DE\" \/>\n<meta property=\"article:modified_time\" content=\"2022-05-16T08:20:44+00:00\" \/>\n<meta name=\"twitter:card\" content=\"summary_large_image\" \/>\n<meta name=\"twitter:label1\" content=\"Est. reading time\" \/>\n\t<meta name=\"twitter:data1\" content=\"1 minute\" \/>\n<script type=\"application\/ld+json\" class=\"yoast-schema-graph\">{\"@context\":\"https:\/\/schema.org\",\"@graph\":[{\"@type\":\"WebSite\",\"@id\":\"https:\/\/old.ichundwir.ch\/de\/#website\",\"url\":\"https:\/\/old.ichundwir.ch\/de\/\",\"name\":\"Ich und Wir - DE\",\"description\":\"\",\"potentialAction\":[{\"@type\":\"SearchAction\",\"target\":{\"@type\":\"EntryPoint\",\"urlTemplate\":\"https:\/\/old.ichundwir.ch\/de\/?s={search_term_string}\"},\"query-input\":\"required name=search_term_string\"}],\"inLanguage\":\"en-US\"},{\"@type\":\"WebPage\",\"@id\":\"https:\/\/old.ichundwir.ch\/de\/kontakt\/#webpage\",\"url\":\"https:\/\/old.ichundwir.ch\/de\/kontakt\/\",\"name\":\"Kontakt - Ich und Wir - DE\",\"isPartOf\":{\"@id\":\"https:\/\/old.ichundwir.ch\/de\/#website\"},\"datePublished\":\"2021-06-11T16:12:05+00:00\",\"dateModified\":\"2022-05-16T08:20:44+00:00\",\"breadcrumb\":{\"@id\":\"https:\/\/old.ichundwir.ch\/de\/kontakt\/#breadcrumb\"},\"inLanguage\":\"en-US\",\"potentialAction\":[{\"@type\":\"ReadAction\",\"target\":[\"https:\/\/old.ichundwir.ch\/de\/kontakt\/\"]}]},{\"@type\":\"BreadcrumbList\",\"@id\":\"https:\/\/old.ichundwir.ch\/de\/kontakt\/#breadcrumb\",\"itemListElement\":[{\"@type\":\"ListItem\",\"position\":1,\"name\":\"Startseite\",\"item\":\"https:\/\/old.ichundwir.ch\/de\/\"},{\"@type\":\"ListItem\",\"position\":2,\"name\":\"Kontakt\"}]}]}<\/script>\n<!-- \/ Yoast SEO plugin. -->","yoast_head_json":{"title":"Kontakt - Ich und Wir - DE","robots":{"index":"index","follow":"follow","max-snippet":"max-snippet:-1","max-image-preview":"max-image-preview:large","max-video-preview":"max-video-preview:-1"},"canonical":"https:\/\/old.ichundwir.ch\/de\/kontakt\/","og_locale":"en_US","og_type":"article","og_title":"Kontakt - Ich und Wir - DE","og_description":"Kontakt Ich freue mich auf deine Nachricht. Aufgrund deiner pers\u00f6nlichen Bed\u00fcrfnisse entwerfen wir deinen Plan der Br\u00fccken, welche wir gemeinsam bauen werden. andrea@ichundwir.ch +41 079 764 65 85","og_url":"https:\/\/old.ichundwir.ch\/de\/kontakt\/","og_site_name":"Ich und Wir - DE","article_modified_time":"2022-05-16T08:20:44+00:00","twitter_card":"summary_large_image","twitter_misc":{"Est. reading time":"1 minute"},"schema":{"@context":"https:\/\/schema.org","@graph":[{"@type":"WebSite","@id":"https:\/\/old.ichundwir.ch\/de\/#website","url":"https:\/\/old.ichundwir.ch\/de\/","name":"Ich und Wir - DE","description":"","potentialAction":[{"@type":"SearchAction","target":{"@type":"EntryPoint","urlTemplate":"https:\/\/old.ichundwir.ch\/de\/?s={search_term_string}"},"query-input":"required name=search_term_string"}],"inLanguage":"en-US"},{"@type":"WebPage","@id":"https:\/\/old.ichundwir.ch\/de\/kontakt\/#webpage","url":"https:\/\/old.ichundwir.ch\/de\/kontakt\/","name":"Kontakt - Ich und Wir - DE","isPartOf":{"@id":"https:\/\/old.ichundwir.ch\/de\/#website"},"datePublished":"2021-06-11T16:12:05+00:00","dateModified":"2022-05-16T08:20:44+00:00","breadcrumb":{"@id":"https:\/\/old.ichundwir.ch\/de\/kontakt\/#breadcrumb"},"inLanguage":"en-US","potentialAction":[{"@type":"ReadAction","target":["https:\/\/old.ichundwir.ch\/de\/kontakt\/"]}]},{"@type":"BreadcrumbList","@id":"https:\/\/old.ichundwir.ch\/de\/kontakt\/#breadcrumb","itemListElement":[{"@type":"ListItem","position":1,"name":"Startseite","item":"https:\/\/old.ichundwir.ch\/de\/"},{"@type":"ListItem","position":2,"name":"Kontakt"}]}]}},"_links":{"self":[{"href":"https:\/\/old.ichundwir.ch\/de\/wp-json\/wp\/v2\/pages\/300","targetHints":{"allow":["GET"]}}],"collection":[{"href":"https:\/\/old.ichundwir.ch\/de\/wp-json\/wp\/v2\/pages"}],"about":[{"href":"https:\/\/old.ichundwir.ch\/de\/wp-json\/wp\/v2\/types\/page"}],"author":[{"embeddable":true,"href":"https:\/\/old.ichundwir.ch\/de\/wp-json\/wp\/v2\/users\/2"}],"replies":[{"embeddable":true,"href":"https:\/\/old.ichundwir.ch\/de\/wp-json\/wp\/v2\/comments?post=300"}],"version-history":[{"count":106,"href":"https:\/\/old.ichundwir.ch\/de\/wp-json\/wp\/v2\/pages\/300\/revisions"}],"predecessor-version":[{"id":1340,"href":"https:\/\/old.ichundwir.ch\/de\/wp-json\/wp\/v2\/pages\/300\/revisions\/1340"}],"wp:attachment":[{"href":"https:\/\/old.ichundwir.ch\/de\/wp-json\/wp\/v2\/media?parent=300"}],"curies":[{"name":"wp","href":"https:\/\/api.w.org\/{rel}","templated":true}]}}